{"id":98,"date":"2024-09-02T17:04:55","date_gmt":"2024-09-02T17:04:55","guid":{"rendered":"https:\/\/www.teamgeschick.de\/?page_id=98"},"modified":"2025-03-28T14:29:08","modified_gmt":"2025-03-28T14:29:08","slug":"schnupperkurs-longieren","status":"publish","type":"page","link":"https:\/\/www.teamgeschick.de\/?page_id=98","title":{"rendered":"Schnupperkurs Longieren"},"content":{"rendered":"\n<p>Zu Beginn wird der Hund zun\u00e4chst mit einer &#8222;Longe (Schleppleine)&#8220; um den Kreis gef\u00fchrt. Somit k\u00f6nnen Sie sich erstmal ganz auf Ihre K\u00f6rpersprache konzentrieren, um den Hund anschlie\u00dfend ohne &#8222;Hilfsmittel&#8220; um den Kreis zu schicken.<\/p>\n\n\n\n<p>Mit Motivation und viel Belohnung wird dann die Distanz zum Hund aufgebaut, so dass Sie aus der Mitte des Kreises den Hund ohne Leine um den Kreis f\u00fchren k\u00f6nnen und ihn durch Ihre K\u00f6rpersprache zum Stoppen bringen, Richtungswechsel einleiten und durch Tunnel schicken k\u00f6nnen.<\/p>\n\n\n\n<p><strong>Gruppengr\u00f6\u00dfe:<\/strong> 4 Mensch\/ Hund-Teams<\/p>\n\n\n\n<p><strong>Dauer:<\/strong> 6 Trainingseinheiten \u00e1 ca. 1 Stunde<\/p>\n\n\n\n<p><strong>Kosten:<\/strong> 120 Euro<\/p>\n\n\n\n<p>aktuelle Starttermine f\u00fcr Kurse erfahren Sie hier: Termine<\/p>\n\n\n\n<p>Bei Fragen k\u00f6nnen Sie mir gerne eine eMail z.B. \u00fcber das Kontaktformular schreiben.<\/p>\n\n\n\n<p><\/p>\n","protected":false},"excerpt":{"rendered":"<p>Zu Beginn wird der Hund zun\u00e4chst mit einer &#8222;Longe (Schleppleine)&#8220; um den Kreis gef\u00fchrt. Somit k\u00f6nnen Sie sich erstmal ganz [&hellip;]<\/p>\n","protected":false},"author":1,"featured_media":0,"parent":0,"menu_order":0,"comment_status":"closed","ping_status":"closed","template":"","meta":{"site-sidebar-layout":"default","site-content-layout":"","ast-site-content-layout":"default","site-content-style":"default","site-sidebar-style":"default","ast-global-header-display":"","ast-banner-title-visibility":"","ast-main-header-display":"","ast-hfb-above-header-display":"","ast-hfb-below-header-display":"","ast-hfb-mobile-header-display":"","site-post-title":"","ast-breadcrumbs-content":"","ast-featured-img":"","footer-sml-layout":"","ast-disable-related-posts":"","theme-transparent-header-meta":"","adv-header-id-meta":"","stick-header-meta":"","header-above-stick-meta":"","header-main-stick-meta":"","header-below-stick-meta":"","astra-migrate-meta-layouts":"default","ast-page-background-enabled":"default","ast-page-background-meta":{"desktop":{"background-color":"var(--ast-global-color-4)","background-image":"","background-repeat":"repeat","background-position":"center center","background-size":"auto","background-attachment":"scroll","background-type":"","background-media":"","overlay-type":"","overlay-color":"","overlay-opacity":"","overlay-gradient":""},"tablet":{"background-color":"","background-image":"","background-repeat":"repeat","background-position":"center center","background-size":"auto","background-attachment":"scroll","background-type":"","background-media":"","overlay-type":"","overlay-color":"","overlay-opacity":"","overlay-gradient":""},"mobile":{"background-color":"","background-image":"","background-repeat":"repeat","background-position":"center center","background-size":"auto","background-attachment":"scroll","background-type":"","background-media":"","overlay-type":"","overlay-color":"","overlay-opacity":"","overlay-gradient":""}},"ast-content-background-meta":{"desktop":{"background-color":"var(--ast-global-color-5)","background-image":"","background-repeat":"repeat","background-position":"center center","background-size":"auto","background-attachment":"scroll","background-type":"","background-media":"","overlay-type":"","overlay-color":"","overlay-opacity":"","overlay-gradient":""},"tablet":{"background-color":"var(--ast-global-color-5)","background-image":"","background-repeat":"repeat","background-position":"center center","background-size":"auto","background-attachment":"scroll","background-type":"","background-media":"","overlay-type":"","overlay-color":"","overlay-opacity":"","overlay-gradient":""},"mobile":{"background-color":"var(--ast-global-color-5)","background-image":"","background-repeat":"repeat","background-position":"center center","background-size":"auto","background-attachment":"scroll","background-type":"","background-media":"","overlay-type":"","overlay-color":"","overlay-opacity":"","overlay-gradient":""}},"footnotes":""},"class_list":["post-98","page","type-page","status-publish","hentry"],"_links":{"self":[{"href":"https:\/\/www.teamgeschick.de\/index.php?rest_route=\/wp\/v2\/pages\/98","targetHints":{"allow":["GET"]}}],"collection":[{"href":"https:\/\/www.teamgeschick.de\/index.php?rest_route=\/wp\/v2\/pages"}],"about":[{"href":"https:\/\/www.teamgeschick.de\/index.php?rest_route=\/wp\/v2\/types\/page"}],"author":[{"embeddable":true,"href":"https:\/\/www.teamgeschick.de\/index.php?rest_route=\/wp\/v2\/users\/1"}],"replies":[{"embeddable":true,"href":"https:\/\/www.teamgeschick.de\/index.php?rest_route=%2Fwp%2Fv2%2Fcomments&post=98"}],"version-history":[{"count":3,"href":"https:\/\/www.teamgeschick.de\/index.php?rest_route=\/wp\/v2\/pages\/98\/revisions"}],"predecessor-version":[{"id":187,"href":"https:\/\/www.teamgeschick.de\/index.php?rest_route=\/wp\/v2\/pages\/98\/revisions\/187"}],"wp:attachment":[{"href":"https:\/\/www.teamgeschick.de\/index.php?rest_route=%2Fwp%2Fv2%2Fmedia&parent=98"}],"curies":[{"name":"wp","href":"https:\/\/api.w.org\/{rel}","templated":true}]}}