{"id":88,"date":"2024-09-02T15:26:26","date_gmt":"2024-09-02T15:26:26","guid":{"rendered":"https:\/\/www.teamgeschick.de\/?page_id=88"},"modified":"2026-02-26T13:38:30","modified_gmt":"2026-02-26T13:38:30","slug":"hoopers-agility-2","status":"publish","type":"page","link":"https:\/\/www.teamgeschick.de\/?page_id=88","title":{"rendered":"Hoopers Agility"},"content":{"rendered":"\n<figure class=\"wp-block-gallery has-nested-images columns-default is-cropped wp-block-gallery-1 is-layout-flex wp-block-gallery-is-layout-flex\">\n<figure class=\"wp-block-image size-large\"><img loading=\"lazy\" decoding=\"async\" width=\"1024\" height=\"683\" data-id=\"178\" src=\"https:\/\/www.teamgeschick.de\/wp-content\/uploads\/2025\/03\/hoopers-1-1024x683.jpg\" alt=\"\" class=\"wp-image-178\" srcset=\"https:\/\/www.teamgeschick.de\/wp-content\/uploads\/2025\/03\/hoopers-1-1024x683.jpg 1024w, https:\/\/www.teamgeschick.de\/wp-content\/uploads\/2025\/03\/hoopers-1-300x200.jpg 300w, https:\/\/www.teamgeschick.de\/wp-content\/uploads\/2025\/03\/hoopers-1-768x512.jpg 768w, https:\/\/www.teamgeschick.de\/wp-content\/uploads\/2025\/03\/hoopers-1.jpg 1200w\" sizes=\"auto, (max-width: 1024px) 100vw, 1024px\" \/><\/figure>\n\n\n\n<figure class=\"wp-block-image size-large\"><img loading=\"lazy\" decoding=\"async\" width=\"1024\" height=\"683\" data-id=\"179\" src=\"https:\/\/www.teamgeschick.de\/wp-content\/uploads\/2025\/03\/hoopers-2-1024x683.jpg\" alt=\"\" class=\"wp-image-179\" srcset=\"https:\/\/www.teamgeschick.de\/wp-content\/uploads\/2025\/03\/hoopers-2-1024x683.jpg 1024w, https:\/\/www.teamgeschick.de\/wp-content\/uploads\/2025\/03\/hoopers-2-300x200.jpg 300w, https:\/\/www.teamgeschick.de\/wp-content\/uploads\/2025\/03\/hoopers-2-768x512.jpg 768w, https:\/\/www.teamgeschick.de\/wp-content\/uploads\/2025\/03\/hoopers-2.jpg 1200w\" sizes=\"auto, (max-width: 1024px) 100vw, 1024px\" \/><\/figure>\n<\/figure>\n\n\n\n<p>Hoopers Agility ist eine relativ neue Sportart aus den USA.<br>Agility hei\u00dft in diesem Kontext Beweglichkeit und hat mit der Hundesportart &#8222;Agility&#8220; wenig gemeinsam au\u00dfer das der Hund auch hier einen Parcours aus verschiedenen Hindernissen in einer vorgegebenen Reihenfolge absolviert. Der Mensch l\u00e4uft den Parcours nicht mit sondern navigiert seinen Hund auf Distanz mittels Wortsignalen und Gestik durch den Parcours.<\/p>\n\n\n\n<p>Ein Parcour besteht aus verschiedenen Hindernissen wie Hoops (Halbb\u00f6gen), F\u00e4ssern, Gates und kurzen Tunneln. Damit der Hund die Hindernisse auch auf Distanz gut bew\u00e4ltigen kann, muss er zun\u00e4chst ein Verst\u00e4ndnis daf\u00fcr entwickeln was  f\u00fcr ein Verhalten an den jeweiligen Hindernissen gefragt ist. Somit werden zun\u00e4chst die einzelnen Hindernisse inklusive der Richtungssignale mittels Shaping mit Hilfe eines Markers, Motivation und viel Belohnung erarbeitet. Die F\u00e4higkeiten werden sp\u00e4ter anhand von Sequenzen weiter trainiert&#8230;.<\/p>\n\n\n\n<p>Obwohl der Mensch den Parcous nicht mitl\u00e4uft ist auch diese Sportart Teamarbeit. Der Mensch sollte die Richtungssignale punktgenau geben und der Hund sollte seinem Menschen jederzeit gut zuh\u00f6ren damit er weiss welches Hindernis er in welcher Form absolvieren soll. Der Hund wird somit sowohl k\u00f6rperlich als auch geistig gefordert und lernt auch auf gr\u00f6\u00dfere Distanz mit seinem Menschen zu kooperieren.<\/p>\n\n\n\n<p>Viele Hunde haben beim Hoopers eine hohe Geschwindigkeit und somit sollte der Hund auch f\u00fcr diese Sportart gesund sein. Wenn ihr Hund k\u00f6rperliche Einschr\u00e4nkungen hat bitte vorab kurze R\u00fccksprache mit mir!<\/p>\n\n\n\n<p>F\u00fcr den Einstieg ins Hoopers gibt es den Schnupperkurs &#8222;Hoopers Agility&#8220;<\/p>\n\n\n\n<p><strong>Gruppengr\u00f6\u00dfe<\/strong>: 4 Mensch\/ Hund-Teams<\/p>\n\n\n\n<p><strong>Dauer:<\/strong> 10 Termine (1x Theorieeinheit zu Beginn des Kurses + 9x Praxiseinheiten) pro Termin ca. 1 Stunde<\/p>\n\n\n\n<p><strong>Kosten:<\/strong> 180 Euro<\/p>\n\n\n\n<p>aktuelle Starttermine f\u00fcr Kurse erfahren Sie hier: <a href=\"https:\/\/www.teamgeschick.de\/?page_id=80\" data-type=\"page\" data-id=\"80\">Termine<\/a><\/p>\n\n\n\n<p>Bei Fragen k\u00f6nnen Sie mir gerne eine eMail z.B. \u00fcber das <a href=\"https:\/\/www.teamgeschick.de\/?page_id=42\" data-type=\"page\" data-id=\"42\">Kontaktformular<\/a> schreiben.<\/p>\n\n\n\n<p><\/p>\n","protected":false},"excerpt":{"rendered":"<p>Hoopers Agility ist eine relativ neue Sportart aus den USA.Agility hei\u00dft in diesem Kontext Beweglichkeit und hat mit der Hundesportart [&hellip;]<\/p>\n","protected":false},"author":1,"featured_media":0,"parent":0,"menu_order":0,"comment_status":"closed","ping_status":"closed","template":"","meta":{"site-sidebar-layout":"default","site-content-layout":"","ast-site-content-layout":"default","site-content-style":"default","site-sidebar-style":"default","ast-global-header-display":"","ast-banner-title-visibility":"","ast-main-header-display":"","ast-hfb-above-header-display":"","ast-hfb-below-header-display":"","ast-hfb-mobile-header-display":"","site-post-title":"","ast-breadcrumbs-content":"","ast-featured-img":"","footer-sml-layout":"","ast-disable-related-posts":"","theme-transparent-header-meta":"","adv-header-id-meta":"","stick-header-meta":"","header-above-stick-meta":"","header-main-stick-meta":"","header-below-stick-meta":"","astra-migrate-meta-layouts":"default","ast-page-background-enabled":"default","ast-page-background-meta":{"desktop":{"background-color":"var(--ast-global-color-4)","background-image":"","background-repeat":"repeat","background-position":"center center","background-size":"auto","background-attachment":"scroll","background-type":"","background-media":"","overlay-type":"","overlay-color":"","overlay-opacity":"","overlay-gradient":""},"tablet":{"background-color":"","background-image":"","background-repeat":"repeat","background-position":"center center","background-size":"auto","background-attachment":"scroll","background-type":"","background-media":"","overlay-type":"","overlay-color":"","overlay-opacity":"","overlay-gradient":""},"mobile":{"background-color":"","background-image":"","background-repeat":"repeat","background-position":"center center","background-size":"auto","background-attachment":"scroll","background-type":"","background-media":"","overlay-type":"","overlay-color":"","overlay-opacity":"","overlay-gradient":""}},"ast-content-background-meta":{"desktop":{"background-color":"var(--ast-global-color-5)","background-image":"","background-repeat":"repeat","background-position":"center center","background-size":"auto","background-attachment":"scroll","background-type":"","background-media":"","overlay-type":"","overlay-color":"","overlay-opacity":"","overlay-gradient":""},"tablet":{"background-color":"var(--ast-global-color-5)","background-image":"","background-repeat":"repeat","background-position":"center center","background-size":"auto","background-attachment":"scroll","background-type":"","background-media":"","overlay-type":"","overlay-color":"","overlay-opacity":"","overlay-gradient":""},"mobile":{"background-color":"var(--ast-global-color-5)","background-image":"","background-repeat":"repeat","background-position":"center center","background-size":"auto","background-attachment":"scroll","background-type":"","background-media":"","overlay-type":"","overlay-color":"","overlay-opacity":"","overlay-gradient":""}},"footnotes":""},"class_list":["post-88","page","type-page","status-publish","hentry"],"_links":{"self":[{"href":"https:\/\/www.teamgeschick.de\/index.php?rest_route=\/wp\/v2\/pages\/88","targetHints":{"allow":["GET"]}}],"collection":[{"href":"https:\/\/www.teamgeschick.de\/index.php?rest_route=\/wp\/v2\/pages"}],"about":[{"href":"https:\/\/www.teamgeschick.de\/index.php?rest_route=\/wp\/v2\/types\/page"}],"author":[{"embeddable":true,"href":"https:\/\/www.teamgeschick.de\/index.php?rest_route=\/wp\/v2\/users\/1"}],"replies":[{"embeddable":true,"href":"https:\/\/www.teamgeschick.de\/index.php?rest_route=%2Fwp%2Fv2%2Fcomments&post=88"}],"version-history":[{"count":8,"href":"https:\/\/www.teamgeschick.de\/index.php?rest_route=\/wp\/v2\/pages\/88\/revisions"}],"predecessor-version":[{"id":740,"href":"https:\/\/www.teamgeschick.de\/index.php?rest_route=\/wp\/v2\/pages\/88\/revisions\/740"}],"wp:attachment":[{"href":"https:\/\/www.teamgeschick.de\/index.php?rest_route=%2Fwp%2Fv2%2Fmedia&parent=88"}],"curies":[{"name":"wp","href":"https:\/\/api.w.org\/{rel}","templated":true}]}}