{"id":84,"date":"2024-09-02T15:08:29","date_gmt":"2024-09-02T15:08:29","guid":{"rendered":"https:\/\/www.teamgeschick.de\/?page_id=84"},"modified":"2025-03-28T06:51:24","modified_gmt":"2025-03-28T06:51:24","slug":"team","status":"publish","type":"page","link":"https:\/\/www.teamgeschick.de\/?page_id=84","title":{"rendered":"Team"},"content":{"rendered":"\n<p>Ich hei\u00dfe Ariane Laege und lebe zur Zeit mit meinen Springer Spaniel H\u00fcndinnen (Leevke 5 Jahre und Rylee 1 Jahr) im sch\u00f6nen Lipperland.<\/p>\n\n\n\n<figure class=\"wp-block-gallery has-nested-images columns-default is-cropped wp-block-gallery-1 is-layout-flex wp-block-gallery-is-layout-flex\">\n<figure class=\"wp-block-image size-large\"><img loading=\"lazy\" decoding=\"async\" width=\"1024\" height=\"683\" data-id=\"176\" src=\"https:\/\/www.teamgeschick.de\/wp-content\/uploads\/2025\/03\/LeevkeRyleeHerbst-1024x683.jpg\" alt=\"\" class=\"wp-image-176\" srcset=\"https:\/\/www.teamgeschick.de\/wp-content\/uploads\/2025\/03\/LeevkeRyleeHerbst-1024x683.jpg 1024w, https:\/\/www.teamgeschick.de\/wp-content\/uploads\/2025\/03\/LeevkeRyleeHerbst-300x200.jpg 300w, https:\/\/www.teamgeschick.de\/wp-content\/uploads\/2025\/03\/LeevkeRyleeHerbst-768x512.jpg 768w, https:\/\/www.teamgeschick.de\/wp-content\/uploads\/2025\/03\/LeevkeRyleeHerbst.jpg 1200w\" sizes=\"auto, (max-width: 1024px) 100vw, 1024px\" \/><\/figure>\n\n\n\n<figure class=\"wp-block-image size-large\"><img loading=\"lazy\" decoding=\"async\" width=\"754\" height=\"451\" data-id=\"171\" src=\"https:\/\/www.teamgeschick.de\/wp-content\/uploads\/2025\/03\/ich.jpg\" alt=\"\" class=\"wp-image-171\" srcset=\"https:\/\/www.teamgeschick.de\/wp-content\/uploads\/2025\/03\/ich.jpg 754w, https:\/\/www.teamgeschick.de\/wp-content\/uploads\/2025\/03\/ich-300x179.jpg 300w\" sizes=\"auto, (max-width: 754px) 100vw, 754px\" \/><\/figure>\n<\/figure>\n\n\n\n<p>Seit 1997 begleiten mich Hunde in meinem Leben und mein Wissensdurst in Bezug auf Hundeverhalten und Hundeausbildung war lange Zeit fast unstillbar. Schon mit meinem ersten Hund (Berner Sennenh\u00fcndin) habe ich diverse Hundeschulen und Hundevereine \u201eausprobiert\u201c und jegliches an Fachliteratur zum Thema Hunde regelrecht \u201everschlungen\u201c.<\/p>\n\n\n\n<p>Als dann 2006 der Hovawartr\u00fcde Rufus einzog, habe ich neben dem Studium von Fachliteratur zum Thema Hunde zus\u00e4tzlich auch begonnen, Seminare zu besuchen. Bis zum heutigen Zeitpunkt erweitere ich mein Wissen stetig durch den Besuch von Seminaren &amp; Webinaren bei namenhaften Referenten (u.a. Dr. Gabriele Niepel, Linda Tellington-Jones, Christina Sondermann, G\u00fcnther Bloch, Thomas Baumann, Ariane Ullrich, Anita Balser, Nadin Matthews, PD Dr. Udo Ganslo\u00dfer, Perdita L\u00fcbbe-Scheuermann, Dr. Esther Schalke, Katrien Lismont, Dr. Juliane Kaminski, Katrin Stiller, Carmen Heritier, Mirjam Cordt, Dagmar Spillner, Hanna Rode, Nadine Hehli, Simone Fasel, Katrin Heimsath, Dr. Ute Blaschke-Berthold \u2026). Aus den zum Teil sehr unterschiedlichen Ans\u00e4tzen der Fachleute habe ich meine eigene &#8222;Hundephilosophie&#8220; und Vorgehensweise bez\u00fcglich Hundetraining entwickelt. Praktische Anwendung und Erweiterung meines Wissens erlangte ich durch meine mehrj\u00e4hrige ehrenamtliche Mitarbeit in einer Hundeschule.<\/p>\n\n\n\n<p>Mein Ziel ist es, dass Mensch &amp; Hund zu einem Team werden!<br>Zu einem guten Team kann man erst zusammenwachsen, wenn man sich gegenseitig versteht, respektiert und aufeinander verlassen kann. F\u00fcr mich steht im Vordergrund, dass der Mensch lernt, die Verhaltensweisen und Bed\u00fcrfnisse seines Hundes zu erkennen und zu verstehen, so dass ein harmonisches Zusammenleben m\u00f6glich wird.<\/p>\n\n\n\n<p>Eine Komponente eines erf\u00fcllten Hundelebens ist eine artgerechte Auslastung. Gerne stehe ich Ihnen (in Gruppen- oder Einzeltrainings)mit Rat und Tat zur Seite , um die Vorlieben und Interessen ihres Hundes (und Ihnen) herauszuarbeiten und eine f\u00fcr Sie beide geeignete Besch\u00e4ftigung zu finden.<br>Zur Zeit biete ich\u00a0 Besch\u00e4ftigungsm\u00f6glichkeiten im\u00a0 Bereich Mantrailing, Hoopers Agility und Longiertraining an. Mir liegt am Herzen, dass sie mit ihrem Hund Spass am gemeinsamen Tun haben, mit Freude gestellte Aufgaben l\u00f6sen, Erfolgserlebnisse haben und sich gegenseitig immer besser kennenlernen und aufeinander einstimmen k\u00f6nnen. Sie werden immer geschickter im Umgang mit Ihrem Hund, was im Namen meiner Hundeschule &#8222;TeamGeschick&#8220; zum Ausdruck gebracht wird.<\/p>\n\n\n\n<p>Ich besitze die Erlaubnis f\u00fcr Hundetrainer nach \u00a711 Abs 1 Nummer 8f Tierschutzgesetz in der z.Zt. g\u00fcltigen Fassung: Gewerbsm\u00e4\u00dfige Ausbildung von Hunden f\u00fcr Dritte und\/oder Anleitung des Tierhalters zur Ausbildung.<\/p>\n","protected":false},"excerpt":{"rendered":"<p>Ich hei\u00dfe Ariane Laege und lebe zur Zeit mit meinen Springer Spaniel H\u00fcndinnen (Leevke 5 Jahre und Rylee 1 Jahr) [&hellip;]<\/p>\n","protected":false},"author":1,"featured_media":0,"parent":0,"menu_order":0,"comment_status":"closed","ping_status":"closed","template":"","meta":{"site-sidebar-layout":"default","site-content-layout":"","ast-site-content-layout":"default","site-content-style":"default","site-sidebar-style":"default","ast-global-header-display":"","ast-banner-title-visibility":"","ast-main-header-display":"","ast-hfb-above-header-display":"","ast-hfb-below-header-display":"","ast-hfb-mobile-header-display":"","site-post-title":"","ast-breadcrumbs-content":"","ast-featured-img":"","footer-sml-layout":"","ast-disable-related-posts":"","theme-transparent-header-meta":"","adv-header-id-meta":"","stick-header-meta":"","header-above-stick-meta":"","header-main-stick-meta":"","header-below-stick-meta":"","astra-migrate-meta-layouts":"default","ast-page-background-enabled":"default","ast-page-background-meta":{"desktop":{"background-color":"var(--ast-global-color-4)","background-image":"","background-repeat":"repeat","background-position":"center center","background-size":"auto","background-attachment":"scroll","background-type":"","background-media":"","overlay-type":"","overlay-color":"","overlay-opacity":"","overlay-gradient":""},"tablet":{"background-color":"","background-image":"","background-repeat":"repeat","background-position":"center center","background-size":"auto","background-attachment":"scroll","background-type":"","background-media":"","overlay-type":"","overlay-color":"","overlay-opacity":"","overlay-gradient":""},"mobile":{"background-color":"","background-image":"","background-repeat":"repeat","background-position":"center center","background-size":"auto","background-attachment":"scroll","background-type":"","background-media":"","overlay-type":"","overlay-color":"","overlay-opacity":"","overlay-gradient":""}},"ast-content-background-meta":{"desktop":{"background-color":"var(--ast-global-color-5)","background-image":"","background-repeat":"repeat","background-position":"center center","background-size":"auto","background-attachment":"scroll","background-type":"","background-media":"","overlay-type":"","overlay-color":"","overlay-opacity":"","overlay-gradient":""},"tablet":{"background-color":"var(--ast-global-color-5)","background-image":"","background-repeat":"repeat","background-position":"center center","background-size":"auto","background-attachment":"scroll","background-type":"","background-media":"","overlay-type":"","overlay-color":"","overlay-opacity":"","overlay-gradient":""},"mobile":{"background-color":"var(--ast-global-color-5)","background-image":"","background-repeat":"repeat","background-position":"center center","background-size":"auto","background-attachment":"scroll","background-type":"","background-media":"","overlay-type":"","overlay-color":"","overlay-opacity":"","overlay-gradient":""}},"footnotes":""},"class_list":["post-84","page","type-page","status-publish","hentry"],"_links":{"self":[{"href":"https:\/\/www.teamgeschick.de\/index.php?rest_route=\/wp\/v2\/pages\/84","targetHints":{"allow":["GET"]}}],"collection":[{"href":"https:\/\/www.teamgeschick.de\/index.php?rest_route=\/wp\/v2\/pages"}],"about":[{"href":"https:\/\/www.teamgeschick.de\/index.php?rest_route=\/wp\/v2\/types\/page"}],"author":[{"embeddable":true,"href":"https:\/\/www.teamgeschick.de\/index.php?rest_route=\/wp\/v2\/users\/1"}],"replies":[{"embeddable":true,"href":"https:\/\/www.teamgeschick.de\/index.php?rest_route=%2Fwp%2Fv2%2Fcomments&post=84"}],"version-history":[{"count":8,"href":"https:\/\/www.teamgeschick.de\/index.php?rest_route=\/wp\/v2\/pages\/84\/revisions"}],"predecessor-version":[{"id":177,"href":"https:\/\/www.teamgeschick.de\/index.php?rest_route=\/wp\/v2\/pages\/84\/revisions\/177"}],"wp:attachment":[{"href":"https:\/\/www.teamgeschick.de\/index.php?rest_route=%2Fwp%2Fv2%2Fmedia&parent=84"}],"curies":[{"name":"wp","href":"https:\/\/api.w.org\/{rel}","templated":true}]}}