{"id":81,"date":"2024-09-03T06:15:42","date_gmt":"2024-09-03T06:15:42","guid":{"rendered":"https:\/\/www.teamgeschick.de\/?page_id=81"},"modified":"2024-09-03T06:15:42","modified_gmt":"2024-09-03T06:15:42","slug":"kursanmeldung","status":"publish","type":"page","link":"https:\/\/www.teamgeschick.de\/?page_id=81","title":{"rendered":"Kursanmeldung"},"content":{"rendered":"\n<div class=\"wp-block-contact-form-7-contact-form-selector\">\n<div class=\"wpcf7 no-js\" id=\"wpcf7-f111-o1\" lang=\"de-DE\" dir=\"ltr\" data-wpcf7-id=\"111\">\n<div class=\"screen-reader-response\"><p role=\"status\" aria-live=\"polite\" aria-atomic=\"true\"><\/p> <ul><\/ul><\/div>\n<form action=\"\/index.php?rest_route=%2Fwp%2Fv2%2Fpages%2F81#wpcf7-f111-o1\" method=\"post\" class=\"wpcf7-form init\" aria-label=\"Kontaktformular\" novalidate=\"novalidate\" data-status=\"init\">\n<fieldset class=\"hidden-fields-container\"><input type=\"hidden\" name=\"_wpcf7\" value=\"111\" \/><input type=\"hidden\" name=\"_wpcf7_version\" value=\"6.1.5\" \/><input type=\"hidden\" name=\"_wpcf7_locale\" value=\"de_DE\" \/><input type=\"hidden\" name=\"_wpcf7_unit_tag\" value=\"wpcf7-f111-o1\" \/><input type=\"hidden\" name=\"_wpcf7_container_post\" value=\"0\" \/><input type=\"hidden\" name=\"_wpcf7_posted_data_hash\" value=\"\" \/><input type=\"hidden\" name=\"_wpcf7_recaptcha_response\" value=\"\" \/>\n<\/fieldset>\n<p><label> Vorname*<br \/>\n<span class=\"wpcf7-form-control-wrap\" data-name=\"vorname\"><input size=\"40\" maxlength=\"400\" class=\"wpcf7-form-control wpcf7-text wpcf7-validates-as-required\" aria-required=\"true\" aria-invalid=\"false\" value=\"\" type=\"text\" name=\"vorname\" \/><\/span> <\/label>\n<\/p>\n<p><label> Nachname*<br \/>\n<span class=\"wpcf7-form-control-wrap\" data-name=\"nachname\"><input size=\"40\" maxlength=\"400\" class=\"wpcf7-form-control wpcf7-text wpcf7-validates-as-required\" aria-required=\"true\" aria-invalid=\"false\" value=\"\" type=\"text\" name=\"nachname\" \/><\/span> <\/label>\n<\/p>\n<p><label> Strasse*<br \/>\n<span class=\"wpcf7-form-control-wrap\" data-name=\"strasse\"><input size=\"40\" maxlength=\"400\" class=\"wpcf7-form-control wpcf7-text wpcf7-validates-as-required\" aria-required=\"true\" aria-invalid=\"false\" value=\"\" type=\"text\" name=\"strasse\" \/><\/span><\/label>\n<\/p>\n<p><label> Hausnummer*<br \/>\n<span class=\"wpcf7-form-control-wrap\" data-name=\"hausnummer\"><input size=\"40\" maxlength=\"400\" class=\"wpcf7-form-control wpcf7-text wpcf7-validates-as-required\" aria-required=\"true\" aria-invalid=\"false\" value=\"\" type=\"text\" name=\"hausnummer\" \/><\/span><\/label>\n<\/p>\n<p><label> Postleitzahl*<br \/>\n<span class=\"wpcf7-form-control-wrap\" data-name=\"plz\"><input size=\"40\" maxlength=\"400\" class=\"wpcf7-form-control wpcf7-text wpcf7-validates-as-required\" aria-required=\"true\" aria-invalid=\"false\" value=\"\" type=\"text\" name=\"plz\" \/><\/span><\/label>\n<\/p>\n<p><label> Ort*<br \/>\n<span class=\"wpcf7-form-control-wrap\" data-name=\"ort\"><input size=\"40\" maxlength=\"400\" class=\"wpcf7-form-control wpcf7-text wpcf7-validates-as-required\" aria-required=\"true\" aria-invalid=\"false\" value=\"\" type=\"text\" name=\"ort\" \/><\/span><\/label>\n<\/p>\n<p><label> E-Mail-Adresse*<br \/>\n<span class=\"wpcf7-form-control-wrap\" data-name=\"email\"><input size=\"40\" maxlength=\"400\" class=\"wpcf7-form-control wpcf7-email wpcf7-validates-as-required wpcf7-text wpcf7-validates-as-email\" aria-required=\"true\" aria-invalid=\"false\" value=\"\" type=\"email\" name=\"email\" \/><\/span> <\/label>\n<\/p>\n<p><label> Telefon*<br \/>\n<span class=\"wpcf7-form-control-wrap\" data-name=\"telefon\"><input size=\"40\" maxlength=\"400\" class=\"wpcf7-form-control wpcf7-tel wpcf7-validates-as-required wpcf7-text wpcf7-validates-as-tel\" aria-required=\"true\" aria-invalid=\"false\" value=\"\" type=\"tel\" name=\"telefon\" \/><\/span> <\/label>\n<\/p>\n<p><label> Anmeldung zum Kurs:*<br \/>\n<span class=\"wpcf7-form-control-wrap\" data-name=\"kursanmeldung\"><select class=\"wpcf7-form-control wpcf7-select wpcf7-validates-as-required\" aria-required=\"true\" aria-invalid=\"false\" name=\"kursanmeldung\"><option value=\"Einzeltraining\">Einzeltraining<\/option><option value=\"Schnupperkurs Longieren Warteliste\">Schnupperkurs Longieren Warteliste<\/option><option value=\"Schnupperkurs Hoopers Agility Warteliste\">Schnupperkurs Hoopers Agility Warteliste<\/option><option value=\"Schnupperkurs Mantrailing Warteliste\">Schnupperkurs Mantrailing Warteliste<\/option><option value=\"Schnupperkurs Mantrailing Start 9.5.26\">Schnupperkurs Mantrailing Start 9.5.26<\/option><option value=\"Schnupperkurs Hoopers Agility Start 9.5.26\">Schnupperkurs Hoopers Agility Start 9.5.26<\/option><\/select><\/span> <\/label>\n<\/p>\n<p><label>Angaben zum Hund:<\/label>\n<\/p>\n<p><label> Hundename*<br \/>\n<span class=\"wpcf7-form-control-wrap\" data-name=\"hundename\"><input size=\"40\" maxlength=\"400\" class=\"wpcf7-form-control wpcf7-text wpcf7-validates-as-required\" aria-required=\"true\" aria-invalid=\"false\" value=\"\" type=\"text\" name=\"hundename\" \/><\/span><\/label>\n<\/p>\n<p><label> Rasse*<br \/>\n<span class=\"wpcf7-form-control-wrap\" data-name=\"rasse\"><input size=\"40\" maxlength=\"400\" class=\"wpcf7-form-control wpcf7-text wpcf7-validates-as-required\" aria-required=\"true\" aria-invalid=\"false\" value=\"\" type=\"text\" name=\"rasse\" \/><\/span><\/label>\n<\/p>\n<p><label> Geburtsdatum des Hundes*<br \/>\n<span class=\"wpcf7-form-control-wrap\" data-name=\"geburtsdatumhund\"><input size=\"40\" maxlength=\"400\" class=\"wpcf7-form-control wpcf7-text wpcf7-validates-as-required\" aria-required=\"true\" aria-invalid=\"false\" value=\"\" type=\"text\" name=\"geburtsdatumhund\" \/><\/span><br \/>\n<\/label>\n<\/p>\n<p>Geschlecht:<br \/>\n<span class=\"wpcf7-form-control-wrap\" data-name=\"geschlecht\"><span class=\"wpcf7-form-control wpcf7-radio\"><span class=\"wpcf7-list-item first\"><label><input type=\"radio\" name=\"geschlecht\" value=\"H\u00fcndin\" checked=\"checked\" \/><span class=\"wpcf7-list-item-label\">H\u00fcndin<\/span><\/label><\/span><span class=\"wpcf7-list-item last\"><label><input type=\"radio\" name=\"geschlecht\" value=\"R\u00fcde\" \/><span class=\"wpcf7-list-item-label\">R\u00fcde<\/span><\/label><\/span><\/span><\/span>\n<\/p>\n<p><label> Ausbildungsstand\/Vorerfahrungen\/Krankheiten\/Besonderheiten\/Sonstiges<br \/>\n<span class=\"wpcf7-form-control-wrap\" data-name=\"sonstiges\"><textarea cols=\"40\" rows=\"10\" maxlength=\"2000\" class=\"wpcf7-form-control wpcf7-textarea\" aria-invalid=\"false\" name=\"sonstiges\"><\/textarea><\/span> <\/label>\n<\/p>\n<p><span class=\"wpcf7-form-control-wrap\" data-name=\"haftpflichthund\"><span class=\"wpcf7-form-control wpcf7-acceptance\"><span class=\"wpcf7-list-item\"><label><input type=\"checkbox\" name=\"haftpflichthund\" value=\"1\" aria-invalid=\"false\" \/><span class=\"wpcf7-list-item-label\">* Mir ist bewusst, dass meine Teilnahme (und die meines Hundes) auf eigene Gefahr geschieht. \nIch gew\u00e4hrleiste, dass mein Hund versichert ist und \u00fcber einen ausreichenden Impfschutz verf\u00fcgt.<\/span><\/label><\/span><\/span><\/span>\n<\/p>\n<p><label> Versicherungsgesellschaft*<br \/>\n<span class=\"wpcf7-form-control-wrap\" data-name=\"versicherungsgesellschaft\"><input size=\"40\" maxlength=\"400\" class=\"wpcf7-form-control wpcf7-text wpcf7-validates-as-required\" aria-required=\"true\" aria-invalid=\"false\" value=\"\" type=\"text\" name=\"versicherungsgesellschaft\" \/><\/span> <\/label>\n<\/p>\n<p><label> Versicherungsnummer<br \/>\n<span class=\"wpcf7-form-control-wrap\" data-name=\"versicherungsnummer\"><input size=\"40\" maxlength=\"400\" class=\"wpcf7-form-control wpcf7-text\" aria-invalid=\"false\" value=\"\" type=\"text\" name=\"versicherungsnummer\" \/><\/span> <\/label>\n<\/p>\n<p><span class=\"wpcf7-form-control-wrap\" data-name=\"Vertragsbindungen\"><span class=\"wpcf7-form-control wpcf7-acceptance\"><span class=\"wpcf7-list-item\"><label><input type=\"checkbox\" name=\"Vertragsbindungen\" value=\"1\" aria-invalid=\"false\" \/><span class=\"wpcf7-list-item-label\">* Ich habe die <a href=\"http:\/\/teamgeschick.de\/?page_id=46#vertragsbindungen\" target=\"_blank\" rel=\"noopener\">Vertragsbindungen<\/a> gelesen und akzeptiere diese.<\/span><\/label><\/span><\/span><\/span>\n<\/p>\n<p><label> Nachricht\/Information\/Frage an Veranstalter<br \/>\n<span class=\"wpcf7-form-control-wrap\" data-name=\"nachricht\"><textarea cols=\"40\" rows=\"10\" maxlength=\"2000\" class=\"wpcf7-form-control wpcf7-textarea\" aria-invalid=\"false\" name=\"nachricht\"><\/textarea><\/span> <\/label>\n<\/p>\n<p><label> Verarbeitung von Daten*<span class=\"wpcf7-form-control-wrap\" data-name=\"acceptance-611\"><span class=\"wpcf7-form-control wpcf7-acceptance\"><span class=\"wpcf7-list-item\"><label><input type=\"checkbox\" name=\"acceptance-611\" value=\"1\" aria-invalid=\"false\" \/><span class=\"wpcf7-list-item-label\">Ich bin damit einverstanden, dass meine personenbezogenen Daten von der mobilen Hundeschule &quot;TeamGeschick&quot;zum Zweck meiner weiteren Betreuung und der Zusendung von Informationen \u00fcber ihre jeweiligen Dienstleistungen und Produkte verarbeitet und genutzt werden d\u00fcrfen.<\/span><\/label><\/span><\/span><\/span><\/label><br \/>\n<label> Weitere Informationen zur Verwendung und Verarbeitung Ihrer Daten finden sie hier: <a href=\"https:\/\/www.teamgeschick.de\/?page_id=44\" target=\"_blank\">Datenschutzerkl\u00e4rung<\/a><\/label>\n<\/p>\n<span class=\"wpcf7-form-control-wrap recaptcha\" data-name=\"recaptcha\"><span data-sitekey=\"6LdXegQrAAAAAHBusC-Rwc9_mcuMiF_zopNUkTXb\" class=\"wpcf7-form-control wpcf7-recaptcha g-recaptcha\"><\/span>\r\n<noscript>\r\n\t<div class=\"grecaptcha-noscript\">\r\n\t\t<iframe loading=\"lazy\" src=\"https:\/\/www.google.com\/recaptcha\/api\/fallback?k=6LdXegQrAAAAAHBusC-Rwc9_mcuMiF_zopNUkTXb\" frameborder=\"0\" scrolling=\"no\" width=\"310\" height=\"430\">\r\n\t\t<\/iframe>\r\n\t\t<textarea name=\"g-recaptcha-response\" rows=\"3\" cols=\"40\" placeholder=\"reCaptcha Response Here\">\r\n\t\t<\/textarea>\r\n\t<\/div>\r\n<\/noscript>\r\n<\/span>\n<p><label><br \/>\n<\/label><br \/>\n<label> Alle mit * gekennzeichneten Felder m\u00fcssen ausgef\u00fcllt werden. <\/label><br \/>\n<label><br \/>\n<\/label><br \/>\n<input class=\"wpcf7-form-control wpcf7-submit has-spinner\" type=\"submit\" value=\"Senden\" \/>\n<\/p><div class=\"wpcf7-response-output\" aria-hidden=\"true\"><\/div>\n<\/form>\n<\/div>\n<\/div>\n","protected":false},"excerpt":{"rendered":"","protected":false},"author":1,"featured_media":0,"parent":0,"menu_order":0,"comment_status":"closed","ping_status":"closed","template":"","meta":{"site-sidebar-layout":"default","site-content-layout":"","ast-site-content-layout":"default","site-content-style":"default","site-sidebar-style":"default","ast-global-header-display":"","ast-banner-title-visibility":"","ast-main-header-display":"","ast-hfb-above-header-display":"","ast-hfb-below-header-display":"","ast-hfb-mobile-header-display":"","site-post-title":"","ast-breadcrumbs-content":"","ast-featured-img":"","footer-sml-layout":"","ast-disable-related-posts":"","theme-transparent-header-meta":"","adv-header-id-meta":"","stick-header-meta":"","header-above-stick-meta":"","header-main-stick-meta":"","header-below-stick-meta":"","astra-migrate-meta-layouts":"default","ast-page-background-enabled":"default","ast-page-background-meta":{"desktop":{"background-color":"var(--ast-global-color-4)","background-image":"","background-repeat":"repeat","background-position":"center center","background-size":"auto","background-attachment":"scroll","background-type":"","background-media":"","overlay-type":"","overlay-color":"","overlay-opacity":"","overlay-gradient":""},"tablet":{"background-color":"","background-image":"","background-repeat":"repeat","background-position":"center center","background-size":"auto","background-attachment":"scroll","background-type":"","background-media":"","overlay-type":"","overlay-color":"","overlay-opacity":"","overlay-gradient":""},"mobile":{"background-color":"","background-image":"","background-repeat":"repeat","background-position":"center center","background-size":"auto","background-attachment":"scroll","background-type":"","background-media":"","overlay-type":"","overlay-color":"","overlay-opacity":"","overlay-gradient":""}},"ast-content-background-meta":{"desktop":{"background-color":"var(--ast-global-color-5)","background-image":"","background-repeat":"repeat","background-position":"center center","background-size":"auto","background-attachment":"scroll","background-type":"","background-media":"","overlay-type":"","overlay-color":"","overlay-opacity":"","overlay-gradient":""},"tablet":{"background-color":"var(--ast-global-color-5)","background-image":"","background-repeat":"repeat","background-position":"center center","background-size":"auto","background-attachment":"scroll","background-type":"","background-media":"","overlay-type":"","overlay-color":"","overlay-opacity":"","overlay-gradient":""},"mobile":{"background-color":"var(--ast-global-color-5)","background-image":"","background-repeat":"repeat","background-position":"center center","background-size":"auto","background-attachment":"scroll","background-type":"","background-media":"","overlay-type":"","overlay-color":"","overlay-opacity":"","overlay-gradient":""}},"footnotes":""},"class_list":["post-81","page","type-page","status-publish","hentry"],"_links":{"self":[{"href":"https:\/\/www.teamgeschick.de\/index.php?rest_route=\/wp\/v2\/pages\/81","targetHints":{"allow":["GET"]}}],"collection":[{"href":"https:\/\/www.teamgeschick.de\/index.php?rest_route=\/wp\/v2\/pages"}],"about":[{"href":"https:\/\/www.teamgeschick.de\/index.php?rest_route=\/wp\/v2\/types\/page"}],"author":[{"embeddable":true,"href":"https:\/\/www.teamgeschick.de\/index.php?rest_route=\/wp\/v2\/users\/1"}],"replies":[{"embeddable":true,"href":"https:\/\/www.teamgeschick.de\/index.php?rest_route=%2Fwp%2Fv2%2Fcomments&post=81"}],"version-history":[{"count":2,"href":"https:\/\/www.teamgeschick.de\/index.php?rest_route=\/wp\/v2\/pages\/81\/revisions"}],"predecessor-version":[{"id":210,"href":"https:\/\/www.teamgeschick.de\/index.php?rest_route=\/wp\/v2\/pages\/81\/revisions\/210"}],"wp:attachment":[{"href":"https:\/\/www.teamgeschick.de\/index.php?rest_route=%2Fwp%2Fv2%2Fmedia&parent=81"}],"curies":[{"name":"wp","href":"https:\/\/api.w.org\/{rel}","templated":true}]}}