{"id":69,"date":"2024-08-26T20:32:59","date_gmt":"2024-08-26T20:32:59","guid":{"rendered":"https:\/\/www.teamgeschick.de\/?page_id=69"},"modified":"2025-03-28T14:30:58","modified_gmt":"2025-03-28T14:30:58","slug":"longieren","status":"publish","type":"page","link":"https:\/\/www.teamgeschick.de\/?page_id=69","title":{"rendered":"Longieren"},"content":{"rendered":"\n<figure class=\"wp-block-gallery has-nested-images columns-default is-cropped wp-block-gallery-1 is-layout-flex wp-block-gallery-is-layout-flex\">\n<figure class=\"wp-block-image size-large\"><img loading=\"lazy\" decoding=\"async\" width=\"1024\" height=\"683\" data-id=\"189\" src=\"https:\/\/www.teamgeschick.de\/wp-content\/uploads\/2025\/03\/longieren-1-1-1024x683.jpg\" alt=\"\" class=\"wp-image-189\" srcset=\"https:\/\/www.teamgeschick.de\/wp-content\/uploads\/2025\/03\/longieren-1-1-1024x683.jpg 1024w, https:\/\/www.teamgeschick.de\/wp-content\/uploads\/2025\/03\/longieren-1-1-300x200.jpg 300w, https:\/\/www.teamgeschick.de\/wp-content\/uploads\/2025\/03\/longieren-1-1-768x512.jpg 768w, https:\/\/www.teamgeschick.de\/wp-content\/uploads\/2025\/03\/longieren-1-1.jpg 1200w\" sizes=\"auto, (max-width: 1024px) 100vw, 1024px\" \/><\/figure>\n\n\n\n<figure class=\"wp-block-image size-large\"><img loading=\"lazy\" decoding=\"async\" width=\"1024\" height=\"683\" data-id=\"190\" src=\"https:\/\/www.teamgeschick.de\/wp-content\/uploads\/2025\/03\/longieren-2-1-1024x683.jpg\" alt=\"\" class=\"wp-image-190\" srcset=\"https:\/\/www.teamgeschick.de\/wp-content\/uploads\/2025\/03\/longieren-2-1-1024x683.jpg 1024w, https:\/\/www.teamgeschick.de\/wp-content\/uploads\/2025\/03\/longieren-2-1-300x200.jpg 300w, https:\/\/www.teamgeschick.de\/wp-content\/uploads\/2025\/03\/longieren-2-1-768x512.jpg 768w, https:\/\/www.teamgeschick.de\/wp-content\/uploads\/2025\/03\/longieren-2-1.jpg 1200w\" sizes=\"auto, (max-width: 1024px) 100vw, 1024px\" \/><\/figure>\n<\/figure>\n\n\n\n<p>Das Longiertraining mit Hunden erm\u00f6glicht eine gleichzeitig k\u00f6rperliche und geistige Auslastung des Hundes auf hohem Niveau und das innerhalb weniger Minuten.<\/p>\n\n\n\n<p>Ihr Hund orientiert sich hierbei an Ihrer K\u00f6rpersprache. Sie werden sich wundern, welche neuen Erkenntnisse Sie dabei gewinnen werden.<\/p>\n\n\n\n<p>Gleichzeitig lernt der Hund auf Distanz mit Ihnen zusammen zu arbeiten. Im Alltag ist das oftmals sehr hilfreich.<\/p>\n\n\n\n<p>Longieren mit Hunden macht Riesenspa\u00df!<\/p>\n\n\n\n<p>F\u00fcr alle, die zun\u00e4chst das Longiertraining kennenlernen m\u00f6chten, wird ein &#8222;Schnupperkurs Longieren&#8220; \u00fcber sechs Trainingseinheiten angeboten.<\/p>\n\n\n\n<p>Wer den Spa\u00df und die Faszination des Longierens f\u00fcr sich und seinen Hund entdeckt hat, kann anschlie\u00dfend in den &#8222;offenen Gruppen Longieren&#8220; auf dieser Basis weiter aufbauen.<\/p>\n\n\n\n<p>aktuelle Starttermine f\u00fcr Kurse erfahren Sie hier: <a href=\"https:\/\/www.teamgeschick.de\/?page_id=80\" data-type=\"page\" data-id=\"80\">Termine<\/a><\/p>\n","protected":false},"excerpt":{"rendered":"<p>Das Longiertraining mit Hunden erm\u00f6glicht eine gleichzeitig k\u00f6rperliche und geistige Auslastung des Hundes auf hohem Niveau und das innerhalb weniger [&hellip;]<\/p>\n","protected":false},"author":1,"featured_media":0,"parent":0,"menu_order":0,"comment_status":"closed","ping_status":"closed","template":"","meta":{"site-sidebar-layout":"default","site-content-layout":"","ast-site-content-layout":"default","site-content-style":"default","site-sidebar-style":"default","ast-global-header-display":"","ast-banner-title-visibility":"","ast-main-header-display":"","ast-hfb-above-header-display":"","ast-hfb-below-header-display":"","ast-hfb-mobile-header-display":"","site-post-title":"","ast-breadcrumbs-content":"","ast-featured-img":"","footer-sml-layout":"","ast-disable-related-posts":"","theme-transparent-header-meta":"","adv-header-id-meta":"","stick-header-meta":"","header-above-stick-meta":"","header-main-stick-meta":"","header-below-stick-meta":"","astra-migrate-meta-layouts":"default","ast-page-background-enabled":"default","ast-page-background-meta":{"desktop":{"background-color":"var(--ast-global-color-4)","background-image":"","background-repeat":"repeat","background-position":"center center","background-size":"auto","background-attachment":"scroll","background-type":"","background-media":"","overlay-type":"","overlay-color":"","overlay-opacity":"","overlay-gradient":""},"tablet":{"background-color":"","background-image":"","background-repeat":"repeat","background-position":"center center","background-size":"auto","background-attachment":"scroll","background-type":"","background-media":"","overlay-type":"","overlay-color":"","overlay-opacity":"","overlay-gradient":""},"mobile":{"background-color":"","background-image":"","background-repeat":"repeat","background-position":"center center","background-size":"auto","background-attachment":"scroll","background-type":"","background-media":"","overlay-type":"","overlay-color":"","overlay-opacity":"","overlay-gradient":""}},"ast-content-background-meta":{"desktop":{"background-color":"var(--ast-global-color-5)","background-image":"","background-repeat":"repeat","background-position":"center center","background-size":"auto","background-attachment":"scroll","background-type":"","background-media":"","overlay-type":"","overlay-color":"","overlay-opacity":"","overlay-gradient":""},"tablet":{"background-color":"var(--ast-global-color-5)","background-image":"","background-repeat":"repeat","background-position":"center center","background-size":"auto","background-attachment":"scroll","background-type":"","background-media":"","overlay-type":"","overlay-color":"","overlay-opacity":"","overlay-gradient":""},"mobile":{"background-color":"var(--ast-global-color-5)","background-image":"","background-repeat":"repeat","background-position":"center center","background-size":"auto","background-attachment":"scroll","background-type":"","background-media":"","overlay-type":"","overlay-color":"","overlay-opacity":"","overlay-gradient":""}},"footnotes":""},"class_list":["post-69","page","type-page","status-publish","hentry"],"_links":{"self":[{"href":"https:\/\/www.teamgeschick.de\/index.php?rest_route=\/wp\/v2\/pages\/69","targetHints":{"allow":["GET"]}}],"collection":[{"href":"https:\/\/www.teamgeschick.de\/index.php?rest_route=\/wp\/v2\/pages"}],"about":[{"href":"https:\/\/www.teamgeschick.de\/index.php?rest_route=\/wp\/v2\/types\/page"}],"author":[{"embeddable":true,"href":"https:\/\/www.teamgeschick.de\/index.php?rest_route=\/wp\/v2\/users\/1"}],"replies":[{"embeddable":true,"href":"https:\/\/www.teamgeschick.de\/index.php?rest_route=%2Fwp%2Fv2%2Fcomments&post=69"}],"version-history":[{"count":5,"href":"https:\/\/www.teamgeschick.de\/index.php?rest_route=\/wp\/v2\/pages\/69\/revisions"}],"predecessor-version":[{"id":191,"href":"https:\/\/www.teamgeschick.de\/index.php?rest_route=\/wp\/v2\/pages\/69\/revisions\/191"}],"wp:attachment":[{"href":"https:\/\/www.teamgeschick.de\/index.php?rest_route=%2Fwp%2Fv2%2Fmedia&parent=69"}],"curies":[{"name":"wp","href":"https:\/\/api.w.org\/{rel}","templated":true}]}}