{"id":65,"date":"2024-08-26T20:32:27","date_gmt":"2024-08-26T20:32:27","guid":{"rendered":"https:\/\/www.teamgeschick.de\/?page_id=65"},"modified":"2026-04-15T19:46:51","modified_gmt":"2026-04-15T19:46:51","slug":"mantrailing","status":"publish","type":"page","link":"https:\/\/www.teamgeschick.de\/?page_id=65","title":{"rendered":"Mantrailing"},"content":{"rendered":"\n<figure class=\"wp-block-gallery has-nested-images columns-default is-cropped wp-block-gallery-1 is-layout-flex wp-block-gallery-is-layout-flex\">\n<figure class=\"wp-block-image size-large\"><img loading=\"lazy\" decoding=\"async\" width=\"596\" height=\"447\" data-id=\"193\" src=\"https:\/\/www.teamgeschick.de\/wp-content\/uploads\/2025\/03\/trailen_1.jpg\" alt=\"\" class=\"wp-image-193\" srcset=\"https:\/\/www.teamgeschick.de\/wp-content\/uploads\/2025\/03\/trailen_1.jpg 596w, https:\/\/www.teamgeschick.de\/wp-content\/uploads\/2025\/03\/trailen_1-300x225.jpg 300w\" sizes=\"auto, (max-width: 596px) 100vw, 596px\" \/><\/figure>\n\n\n\n<figure class=\"wp-block-image size-large\"><img loading=\"lazy\" decoding=\"async\" width=\"1024\" height=\"768\" data-id=\"194\" src=\"https:\/\/www.teamgeschick.de\/wp-content\/uploads\/2025\/03\/trailen_2-1024x768.jpg\" alt=\"\" class=\"wp-image-194\" srcset=\"https:\/\/www.teamgeschick.de\/wp-content\/uploads\/2025\/03\/trailen_2-1024x768.jpg 1024w, https:\/\/www.teamgeschick.de\/wp-content\/uploads\/2025\/03\/trailen_2-300x225.jpg 300w, https:\/\/www.teamgeschick.de\/wp-content\/uploads\/2025\/03\/trailen_2-768x576.jpg 768w, https:\/\/www.teamgeschick.de\/wp-content\/uploads\/2025\/03\/trailen_2.jpg 1048w\" sizes=\"auto, (max-width: 1024px) 100vw, 1024px\" \/><\/figure>\n<\/figure>\n\n\n\n<p>Mantrailing hei\u00dft frei \u00fcbersetzt &#8222;Personensuche&#8220;.<br>Die meisten Hunde lieben es ihre Nase einzusetzen. Beim Mantrailing macht der Mensch sich die herausragende F\u00e4higkeit der Hundenase zunutze indem der Hund anhand des Indiviualgeruchs (den jeder Mensch hat) eine versteckte Person wiederfinden soll.<\/p>\n\n\n\n<p>Beim Trailen ist die Teamarbeit des Menschen mit seinem Hund entscheidend. Getrailt wird an einer 5-10 Meter langen Leine (je nach Einsatzgebiet).<\/p>\n\n\n\n<p>Der Mensch lernt beim Trailen u.a. wie sein Hund &#8222;aussieht&#8220;, wenn er keinen Geruch mehr hat oder wie seine K\u00f6rpersprache sich ver\u00e4ndert wenn die &#8222;Versteckperson&#8220; ganz in der N\u00e4he ist&#8230;<\/p>\n\n\n\n<p>Trailen ist f\u00fcr Mensch und Hund gleicherma\u00dfen eine Herausforderung die gemeinsam bew\u00e4ltigt wird.<\/p>\n\n\n\n<p>Im Gegensatz zu sonstigen Besch\u00e4ftigungsm\u00f6glichkeiten f\u00fcr den Hund ist es beim Trailen so, dass der Hund an der langen Leine vorweg l\u00e4uft und der Mensch ihm folgt und vertrauen muss um zum Ziel zu kommen. Dabei sollte der Mensch den Hund gut beobachten um wenn n\u00f6tig unterst\u00fctzend agieren zu k\u00f6nnen.<\/p>\n\n\n\n<p>Mantrailing als eine Form von Nasenarbeit lastet Hunde sowohl k\u00f6rperlich als auch geistig aus.<\/p>\n\n\n\n<p>Voraussetzungen:<\/p>\n\n\n\n<ul class=\"wp-block-list\">\n<li>Da das Training an unterschiedlichen Orten (im Umkreis nach Absprache) stattfindet sollten die Teilnehmer mobil sein<\/li>\n\n\n\n<li>Die Hunde trailen einzeln, so dass die Hunde die gerade nicht dran sind im Auto warten m\u00fcssen. Die Hunde sollten somit gelernt haben m\u00f6glichst ruhig im Auto zu warten.<\/li>\n\n\n\n<li>da jedes Team eine Versteckperson ben\u00f6tigt sollten die Teilnehmer bereit sein sich gegenseitig zu unterst\u00fctzen und sich auch als Versteckperson zur Verf\u00fcgung zu stellen.<\/li>\n<\/ul>\n\n\n\n<p><strong>Gruppengr\u00f6\u00dfe:<\/strong> 4 Mensch\/ Hund-Teams<\/p>\n\n\n\n<p><strong>Dauer:<\/strong> 6 Termine (1x Theorieeinheit zu Beginn des Kurses + 5x Praxiseinheiten an wechselnden Orten) pro Termin ca. 2 Stunden<\/p>\n\n\n\n<p><strong>Kosten:<\/strong> 150 Euro<\/p>\n\n\n\n<p>aktuelle Starttermine f\u00fcr Kurse erfahren Sie hier: <a href=\"https:\/\/www.teamgeschick.de\/?page_id=80\" data-type=\"page\" data-id=\"80\">Termine<\/a><\/p>\n\n\n\n<p>Anmeldungen bitte \u00fcber das <a href=\"https:\/\/www.teamgeschick.de\/?page_id=81\" data-type=\"page\" data-id=\"81\">Kursanmeldeformular<\/a>.<\/p>\n\n\n\n<p>Bei Fragen k\u00f6nnen Sie mir gerne eine eMail z.B. \u00fcber das <a href=\"https:\/\/www.teamgeschick.de\/?page_id=42\" data-type=\"page\" data-id=\"42\">Kontaktformular<\/a> schreiben.<\/p>\n","protected":false},"excerpt":{"rendered":"<p>Mantrailing hei\u00dft frei \u00fcbersetzt &#8222;Personensuche&#8220;.Die meisten Hunde lieben es ihre Nase einzusetzen. Beim Mantrailing macht der Mensch sich die herausragende [&hellip;]<\/p>\n","protected":false},"author":1,"featured_media":0,"parent":0,"menu_order":0,"comment_status":"closed","ping_status":"closed","template":"","meta":{"site-sidebar-layout":"default","site-content-layout":"","ast-site-content-layout":"default","site-content-style":"default","site-sidebar-style":"default","ast-global-header-display":"","ast-banner-title-visibility":"","ast-main-header-display":"","ast-hfb-above-header-display":"","ast-hfb-below-header-display":"","ast-hfb-mobile-header-display":"","site-post-title":"","ast-breadcrumbs-content":"","ast-featured-img":"","footer-sml-layout":"","ast-disable-related-posts":"","theme-transparent-header-meta":"","adv-header-id-meta":"","stick-header-meta":"","header-above-stick-meta":"","header-main-stick-meta":"","header-below-stick-meta":"","astra-migrate-meta-layouts":"default","ast-page-background-enabled":"default","ast-page-background-meta":{"desktop":{"background-color":"var(--ast-global-color-4)","background-image":"","background-repeat":"repeat","background-position":"center center","background-size":"auto","background-attachment":"scroll","background-type":"","background-media":"","overlay-type":"","overlay-color":"","overlay-opacity":"","overlay-gradient":""},"tablet":{"background-color":"","background-image":"","background-repeat":"repeat","background-position":"center center","background-size":"auto","background-attachment":"scroll","background-type":"","background-media":"","overlay-type":"","overlay-color":"","overlay-opacity":"","overlay-gradient":""},"mobile":{"background-color":"","background-image":"","background-repeat":"repeat","background-position":"center center","background-size":"auto","background-attachment":"scroll","background-type":"","background-media":"","overlay-type":"","overlay-color":"","overlay-opacity":"","overlay-gradient":""}},"ast-content-background-meta":{"desktop":{"background-color":"var(--ast-global-color-5)","background-image":"","background-repeat":"repeat","background-position":"center center","background-size":"auto","background-attachment":"scroll","background-type":"","background-media":"","overlay-type":"","overlay-color":"","overlay-opacity":"","overlay-gradient":""},"tablet":{"background-color":"var(--ast-global-color-5)","background-image":"","background-repeat":"repeat","background-position":"center center","background-size":"auto","background-attachment":"scroll","background-type":"","background-media":"","overlay-type":"","overlay-color":"","overlay-opacity":"","overlay-gradient":""},"mobile":{"background-color":"var(--ast-global-color-5)","background-image":"","background-repeat":"repeat","background-position":"center center","background-size":"auto","background-attachment":"scroll","background-type":"","background-media":"","overlay-type":"","overlay-color":"","overlay-opacity":"","overlay-gradient":""}},"footnotes":""},"class_list":["post-65","page","type-page","status-publish","hentry"],"_links":{"self":[{"href":"https:\/\/www.teamgeschick.de\/index.php?rest_route=\/wp\/v2\/pages\/65","targetHints":{"allow":["GET"]}}],"collection":[{"href":"https:\/\/www.teamgeschick.de\/index.php?rest_route=\/wp\/v2\/pages"}],"about":[{"href":"https:\/\/www.teamgeschick.de\/index.php?rest_route=\/wp\/v2\/types\/page"}],"author":[{"embeddable":true,"href":"https:\/\/www.teamgeschick.de\/index.php?rest_route=\/wp\/v2\/users\/1"}],"replies":[{"embeddable":true,"href":"https:\/\/www.teamgeschick.de\/index.php?rest_route=%2Fwp%2Fv2%2Fcomments&post=65"}],"version-history":[{"count":7,"href":"https:\/\/www.teamgeschick.de\/index.php?rest_route=\/wp\/v2\/pages\/65\/revisions"}],"predecessor-version":[{"id":750,"href":"https:\/\/www.teamgeschick.de\/index.php?rest_route=\/wp\/v2\/pages\/65\/revisions\/750"}],"wp:attachment":[{"href":"https:\/\/www.teamgeschick.de\/index.php?rest_route=%2Fwp%2Fv2%2Fmedia&parent=65"}],"curies":[{"name":"wp","href":"https:\/\/api.w.org\/{rel}","templated":true}]}}