{"id":109,"date":"2024-09-03T05:32:09","date_gmt":"2024-09-03T05:32:09","guid":{"rendered":"https:\/\/www.teamgeschick.de\/?page_id=109"},"modified":"2024-09-03T05:32:09","modified_gmt":"2024-09-03T05:32:09","slug":"vertragsbedingungen","status":"publish","type":"page","link":"https:\/\/www.teamgeschick.de\/?page_id=109","title":{"rendered":"Vertragsbedingungen"},"content":{"rendered":"\n<p><strong><u>Vertragsbedingungen<\/u><\/strong><\/p>\n\n\n\n<p><strong>\u00a7 1 Grundlage \/ Geltung der Bedingungen &nbsp;<\/strong><\/p>\n\n\n\n<p>Die folgenden Vertragsbedingungen sind Grundlage f\u00fcr jede Gesch\u00e4ftsbeziehung mit der mobilen Hundeschule \u201eTeamGeschick\u201c , Schubertplatz 14a, 32756 Detmold (im Folgenden Hundeschule \u201eTeamGeschick\u201c &nbsp;genannt).<\/p>\n\n\n\n<p>Die Leistungen und Angebote der Hundeschule \u201eTeamGeschick\u201c erfolgen ausschlie\u00dflich aufgrund dieser Vertragsbedingungen.<\/p>\n\n\n\n<p>Bei Anmeldung zu einem Angebot der Hundeschule \u201eTeamGeschick\u201c &nbsp;oder mit Beginn der ersten \u00dcbungseinheit\/-stunde gelten diese Bedingungen vom Kunden als angenommen.<\/p>\n\n\n\n<p><strong>\u00a7 2 Haftung &nbsp;<\/strong><\/p>\n\n\n\n<p>Die Teilnahme an allen Angeboten der Hundeschule \u201eTeamGeschick\u201c erfolgt auf eigene Verantwortung\/Gefahr und in eigener Haftung des Teilnehmers.<\/p>\n\n\n\n<p>In der Regel nimmt der Hundehalter selbst am Unterricht teil. Er bleibt w\u00e4hrend des Unterrichts verantwortlicher Tierhalter und Tieraufseher im Sinne der Paragraphen \u00a7\u00a7 833,834 BGB. Der Unterzeichner des Vertrags verpflichtet sich, die Haftung im Schadensfall pers\u00f6nlich zu \u00fcbernehmen, wenn ein Dritter f\u00fcr ihn an den Kursen teilnimmt.<\/p>\n\n\n\n<p>Die Hundeschule \u201eTeamGeschick\u201c &nbsp;haftet nicht f\u00fcr Sch\u00e4den an Personen oder Hunden. Auch nicht f\u00fcr Sch\u00e4den, die von Dritten und \/ oder deren Hunden herbeigef\u00fchrt werden. Weiterhin wird keine Haftung \u00fcbernommen f\u00fcr Folgesch\u00e4den, die auf fehlerhaften und \/ oder unvollst\u00e4ndigen Inhalt der Vortr\u00e4ge und \/oder Veranstaltungsunterlagen beruhen.<\/p>\n\n\n\n<p>Das Training findet u.U. an unterschiedlichen Orten statt. F\u00fcr Sch\u00e4den an Mensch oder Tier oder Sch\u00e4den die durch Dritte zugef\u00fcgt werden bzw. durch die Bodenbeschaffenheit und der allgemeinen Umwelt zustande kommen, \u00fcbernimmt die Hundeschule \u201eTeamGeschick\u201c keine Haftung.<\/p>\n\n\n\n<p><strong>\u00a73 Leistungsbeschreibung Kurse\/Seminare und Workshops<\/strong><\/p>\n\n\n\n<p>Welche Leistungen zwischen dem\/der Teilnehmer\/in (im folgenden \u201eTeilnehmer\u201c genannt) und der Hundeschule \u201eTeamGeschick\u201c vereinbart sind, ergibt sich aus der jeweiligen Beschreibung des Kurses\/Seminars\/Workshops. Die dort gemachten Angaben sind bindend.<\/p>\n\n\n\n<p>Die Hundeschule \u201eTeamGeschick\u201c &nbsp;beh\u00e4lt sich ausdr\u00fccklich vor, aus sachlich berechtigten Gr\u00fcnden zumutbare \u00c4nderungen und Abweichungen zum Inhalt und Ablauf der Veranstaltung zu erkl\u00e4ren. \u00dcber diese wird der Teilnehmer vor Beginn der Veranstaltung rechtzeitig informiert. Die Hundeschule \u201eTeamGeschick\u201c &nbsp;beh\u00e4lt sich weiterhin vor, notwendige kurzfristige \u00c4nderungen und zeitliche Verschiebungen in geringem Umfang vorzunehmen.<\/p>\n\n\n\n<p>Die Hundeschule \u201eTeamGeschick\u201c garantiert, dass der Umfang der beschriebenen Leistungen des Kurses\/Seminars\/Workshops erhalten bleibt und er m\u00f6gliche \u00c4nderungen im Einvernehmen mit den Teilnehmern vornimmt.<\/p>\n\n\n\n<p><strong>\u00a7 4 Anmeldung zu Kursen\/Seminaren\/Workshops und Abschluss des Vertrages<\/strong><\/p>\n\n\n\n<p>Die Anmeldung zu Kursen\/Seminaren\/Workshops muss schriftlich per Onlineformular unter www.teamgeschick.de erfolgen. Der Vertrag kommt erst zu Stande, wenn die&nbsp; Hundeschule \u201eTeamGeschick\u201c die Anmeldung des Teilnehmers schriftlich per Email best\u00e4tigt hat. Die Hundeschule \u201eTeamGeschick\u201c darf die Anmeldung ohne Angabe von Gr\u00fcnden ablehnen.<\/p>\n\n\n\n<p>Eine Anmeldung f\u00fcr ein Angebot der Hundeschule \u201eTeamGeschick\u201c ist f\u00fcr beide Seiten verbindlich. Nach Anmeldung wird die jeweilige Teilnahmegeb\u00fchr sofort f\u00e4llig, jedoch sp\u00e4testens am ersten Termin des Kurses.<\/p>\n\n\n\n<p>Bei minderj\u00e4hrigen Teilnehmern ist eine schriftliche Einverst\u00e4ndniserkl\u00e4rung des gesetzlichen Vertreters vorzulegen.<\/p>\n\n\n\n<p>Die Anmeldung zu \u201eoffenen\u201c \u00dcbungs- und Spielgruppen ist nur beim ersten Besuch notwendig. Die weiteren Besuche dieser Gruppen erfolgen nach m\u00fcndlicher Absprache.<\/p>\n\n\n\n<p><strong>\u00a7 5 Bezahlung des Teilnahmeentgeltes<\/strong><\/p>\n\n\n\n<p>Die angegebenen Preise der Kurse\/Seminare\/Workshops sind Bruttoangaben. Die&nbsp; Hundeschule \u201eTeamGeschick\u201c &nbsp;beh\u00e4lt sich die Geltendmachung des Verzugsschadens vor, wenn die Zahlungsfristen vers\u00e4umt werden. Bei Zahlungsverzug erlischt die Teilnahmeberechtigung.<\/p>\n\n\n\n<p>Einzelstunden sind am Ende der Stunde direkt vor Ort in bar zu bezahlen.<\/p>\n\n\n\n<p><strong>\u00a7 6 R\u00fccktritt durch die Hundeschule <\/strong>\u201eTeamGeschick\u201c<\/p>\n\n\n\n<p><em>a)&nbsp;&nbsp;&nbsp; Workshops und Seminare<\/em><\/p>\n\n\n\n<p>Die Hundeschule \u201eTeamGeschick\u201c &nbsp;kann Workshops oder Seminare aus wirtschaftlichen und\/oder organisatorischen Gr\u00fcnden bis eine Woche vor Beginn der Veranstaltung absagen. Bereits geleistete Teilnahmegeb\u00fchren werden dann zur\u00fcckerstattet.<\/p>\n\n\n\n<p>Weiterhin beh\u00e4lt sich Hundeschule \u201eTeamGeschick\u201c &nbsp;vor, z.B. bei krankheitsbedingtem Ausfall des Seminarleiters oder in F\u00e4llen von h\u00f6herer Gewalt, die Veranstaltung auch kurzfristig abzusagen, in diesem Fall wird ein Ersatztermin organisiert bzw. gezahlte Teilnahmegeb\u00fchren nach Absprache zur\u00fcckerstattet.<\/p>\n\n\n\n<p>Ebenso kann die Hundeschule \u201eTeamGeschick\u201c &nbsp;jederzeit fristlos vom Vertrag zur\u00fccktreten, wenn der Teilnehmer andere Teilnehmer des Seminars\/Workshops oder das Ziel der Veranstaltung gef\u00e4hrdet. Weitergehende Anspr\u00fcche k\u00f6nnen daraus nicht abgeleitet werden.<\/p>\n\n\n\n<p><em>b)&nbsp;&nbsp; Kurse und Aktionen<\/em><\/p>\n\n\n\n<p>Die Hundeschule \u201eTeamGeschick\u201c kann Kurse aus wirtschaftlichen und\/oder organisatorischen Gr\u00fcnden bis 7 Tage vor Beginn der Veranstaltung absagen. Bereits geleistete Teilnahmegeb\u00fchren werden dann zur\u00fcckerstattet.<\/p>\n\n\n\n<p>Die Hundeschule \u201eTeamGeschick\u201c &nbsp;beh\u00e4lt sich vor Unterrichtsstunden in dringenden F\u00e4llen abzusagen. In diesen F\u00e4llen wird der Unterricht nachgeholt bzw. gezahlte Teilnahmegeb\u00fchren nach Absprache zur\u00fcckerstattet.<\/p>\n\n\n\n<p>Ebenso kann die Hundeschule \u201eTeamGeschick\u201c jederzeit fristlos vom Vertrag zur\u00fccktreten, wenn der Teilnehmer andere Teilnehmer des Kurses oder das Ziel der Veranstaltung gef\u00e4hrdet. Weitergehende Anspr\u00fcche k\u00f6nnen daraus nicht abgeleitet werden.<\/p>\n\n\n\n<p><em>c)&nbsp;&nbsp;&nbsp; Einzelstunden<\/em><\/p>\n\n\n\n<p>Die Hundeschule \u201eTeamGeschick\u201c &nbsp;beh\u00e4lt sich vor Unterrichtsstunden in dringenden F\u00e4llen abzusagen. In diesen F\u00e4llen wird der Unterricht nachgeholt. Bei Absage einer Einzelstunde durch die Hundeschule \u201eTeamGeschick\u201c &nbsp;z.B. wegen Krankheit des Trainers werden bereits erhaltene Geb\u00fchren zur\u00fcckerstattet. Ein sonstiger Anspruch entsteht dadurch nicht.<\/p>\n\n\n\n<p><strong>\u00a7 7 R\u00fccktritt durch den Teilnehmer<\/strong><\/p>\n\n\n\n<p><em>a)&nbsp;&nbsp;&nbsp; Workshops und Seminare<\/em><\/p>\n\n\n\n<p>Der Teilnehmer kann ohne Angabe von Gr\u00fcnden vom Vertrag zur\u00fccktreten. Dies hat schriftlich, per Post oder per Mail an die Hundeschule \u201eTeamGeschick\u201c zu erfolgen. Der Eingang beim Veranstalter ist ma\u00dfgeblich f\u00fcr den Termin des R\u00fccktritts.<\/p>\n\n\n\n<p>Die Stornogeb\u00fchren betragen:<\/p>\n\n\n\n<p>bis 6 Wochen vor Beginn der Veranstaltung : 10% des Teilnahmeentgeltes<\/p>\n\n\n\n<p>Bis 2 Wochen vor Beginn der Veranstaltung : 50% des Teilnahmeentgeltes<\/p>\n\n\n\n<p>Bei weniger als 2 Wochen vor Beginn der Veranstaltung oder innerhalb der Veranstaltung : 100% des Teilnahmeentgeltes.<\/p>\n\n\n\n<p>Bei R\u00fccktritt vor dem Seminar\/Workshop kann der Teilnehmer einen Ersatzteilnehmer stellen<\/p>\n\n\n\n<p>Nicht in Anspruch genommene Leistungen werden nicht erstattet, dem stornierenden Teilnehmer ist der Nachweis, dass ein Schaden oder eine Wertminderung nicht entstanden oder wesentlich niedriger als das vereinbarte Teilnahmeentgelt, gestattet.<\/p>\n\n\n\n<p><em>b)&nbsp;&nbsp; Kurse und Aktionen<\/em><\/p>\n\n\n\n<p>Der Teilnehmer kann ohne Angabe von Gr\u00fcnden vom Vertrag zur\u00fccktreten. Dies hat schriftlich, per Post oder per Mail an die Hundeschule \u201eTeamGeschick\u201c zu erfolgen. Der Eingang beim Veranstalter ist ma\u00dfgeblich f\u00fcr den Termin des R\u00fccktritts.<\/p>\n\n\n\n<p>Die Absage einer Teilnahme an einem Kurs der Hundeschule \u201eTeamGeschick\u201c muss mind. 7 Tage vor Beginn des Kurses erfolgen.<\/p>\n\n\n\n<p>Ansonsten entstehen folgende Stornogeb\u00fchren:<\/p>\n\n\n\n<p>Bei weniger als 7 Tagen vor Beginn der Veranstaltung oder innerhalb der Veranstaltung : 100% des Teilnahmeentgeltes.<\/p>\n\n\n\n<p>Bei R\u00fccktritt vor dem Kursstart &nbsp;kann der Teilnehmer einen Ersatzteilnehmer stellen<\/p>\n\n\n\n<p>Eine bereits entrichtete Kursgeb\u00fchr wird bei Nichterscheinen des Teilnehmers nicht automatisch zur\u00fcckerstattet.<\/p>\n\n\n\n<p><em>c)&nbsp;&nbsp;&nbsp; Einzelstunden<\/em><\/p>\n\n\n\n<p>Die Absage eines vereinbarten Termins, Hausbesuches oder einer Einzelstunde muss mind. 24 Stunden vor dem Termin durch den Teilnehmer erfolgen, bei Nichteinhaltung dieser Frist wird eine Aufwandsentsch\u00e4digung i.H.v. \u20ac 30,- f\u00e4llig.<\/p>\n\n\n\n<p><strong>\u00a7 8 Teilnahme\/ Mitwirkungspflicht der Teilnehmer<\/strong><\/p>\n\n\n\n<ol class=\"wp-block-list\">\n<li>Der Teilnehmer hat w\u00e4hrend der praktischen \u00dcbungen des Kurses\/Seminars \/ Workshops\/Aktionen den Anweisungen der Mitarbeiter der Hundeschule \u201eTeamGeschick\u201c Folge zu leisten, tut er dieses nicht, kann der Veranstalter den Teilnehmer von der jeweiligen \u00dcbung ausschlie\u00dfen. Im Wiederholungsfall ist der Veranstalter berechtigt, von dem geschlossenen Vertrag zur\u00fcckzutreten. Teilnahmegeb\u00fchren werden in diesem Fall nicht erstattet.<\/li>\n\n\n\n<li>Das Ableinen, das Gestatten von Freilauf sowie das Zusammenf\u00fchren von Hunden auf dem Trainingsgel\u00e4nde \/ des Trainingsortes darf nur nach Anweisung der Hundeschule \u201eTeamGeschick\u201c bzw. eines Mitarbeiters des Veranstalters erfolgen.<\/li>\n\n\n\n<li>Der Teilnehmer versichert, dass der mitgebrachte Hund gesund ist und keine ansteckende Krankheit vorliegt.<\/li>\n\n\n\n<li>Jeder Teilnehmer ist verpflichtet einen ausreichenden Versicherungsschutz (Hunde-Halter-Haftpflichtversicherung) f\u00fcr den teilnehmenden\/mitgebrachten Hund abgeschlossen zu haben. Eine entsprechende Best\u00e4tigung ist auf Verlangen vorzuzeigen.<\/li>\n\n\n\n<li>Die Teilnahme mit dem Hund an den Gruppen\u00fcbungsstunden ist nur gestattet, wenn der Hundehalter einen ausreichenden Impfschutz des Hundes vorweisen kann. Der Impfpass ist nach Aufforderung vorzulegen.<\/li>\n\n\n\n<li>Der Teilnehmer ist verpflichtet der Hundeschule \u201eTeamGeschick\u201c ansteckende Krankheiten, \u00fcbersteigerte Aggressivit\u00e4t oder Verhaltensauff\u00e4lligkeiten \u00a0des Hundes die zur St\u00f6rung des Kurses\/Seminars\/Workshops\/Aktionen f\u00fchren k\u00f6nnen unverz\u00fcglich bei Kenntnis anzuzeigen.<\/li>\n\n\n\n<li>L\u00e4ufige H\u00fcndinnen k\u00f6nnen nur nach vorheriger Absprache am Angebot der Hundeschule \u201eTeamGeschick\u201c teilnehmen. Der Teilnehmer ist verpflichtet die \u00a0Hundeschule \u201eTeamGeschick\u201c vor Beginn der \u00dcbungseinheiten von der L\u00e4ufigkeit seines Hundes in Kenntnis zu setzen.<\/li>\n\n\n\n<li>Die Nutzung und Benutzung von Zughalsb\u00e4ndern ohne \u201eStopp\u201c oder Kettenw\u00fcrgern sowie Stachelhalsb\u00e4ndern ist verboten, desweiteren ist die Nutzung aller Hilfsmittel, die dem Hund Schmerzen zuf\u00fcgen k\u00f6nnten, untersagt. Die Hundeschule \u201eTeamGeschick\u201c beh\u00e4lt sich vor bei Zuwiderhandlungen den Teilnehmer vom Kurs\/Seminar\/Workshop\/Aktion auszuschlie\u00dfen. Bereits verbindlich gebuchte Stunden hat der Teilnehmer trotzdem zu zahlen bzw. eine R\u00fcckverg\u00fctung schon gezahlter Geb\u00fchren erfolgt in diesem Fall nicht.<\/li>\n<\/ol>\n\n\n\n<p><strong>\u00a7 9 Erfolge<\/strong><\/p>\n\n\n\n<p>Die Hundeschule \u201eTeamGeschick\u201c ist f\u00fcr ausbleibende Erfolge des Teilnehmers im Umgang mit Hunden des Teilnehmers nicht haftbar zu machen. Eine Erfolgsgarantie kann nicht gegeben werden, da der Erfolg des Trainings bedingt durch die notwendige, richtige und konsequente Vermittlung und Anwendung der Trainingsvorschl\u00e4ge ma\u00dfgeblich vom Teilnehmer selbst abh\u00e4ngt.<\/p>\n\n\n\n<p><strong>\u00a7 10 Urheberrechte \/ Foto- und Filmaufnahmen<\/strong><\/p>\n\n\n\n<ol class=\"wp-block-list\">\n<li>Die in den Kursen\/Seminaren\/Workshops\/ Aktionen ausgeh\u00e4ndigten Unterlagen unterliegen dem Copyright der Hundeschule \u201eTeamGeschick\u201c bzw. dem der Referenten. Den Teilnehmern ist jegliche Vervielf\u00e4ltigung oder Weitergabe an Dritte ohne ausdr\u00fcckliche schriftliche Genehmigung der Hundeschule \u201eTeamGeschick\u201c untersagt.<\/li>\n\n\n\n<li>Die Hundeschule \u201eTeamGeschick\u201c beh\u00e4lt sich vor, die Gruppen\u00fcbungsstunden, Kurse, Seminare, Workshops und sonstige Termine auf Bild und Ton mitzuschneiden. Der Teilnehmer erkl\u00e4rt sein ausdr\u00fcckliches Einverst\u00e4ndnis zur Ver\u00f6ffentlichung von Foto- und Filmmaterial von ihm und\/oder seinem Hund\/seinenHunden. Der Teilnehmer verzichtet auf die Geltendmachung jeglicher Verg\u00fctung.<\/li>\n\n\n\n<li>Sollte ein Teilnehmer Foto- und Filmaufnahmen von seiner Person ausdr\u00fccklich nicht w\u00fcnschen, dann sollte er dies der Hundeschule \u201eTeamGeschick\u201c vor Beginn der Veranstaltung schriftlich mitteilen damit dies ber\u00fccksichtigt werden kann.<\/li>\n\n\n\n<li>Erstellt der Teilnehmer selbst Bild- und Tontr\u00e4ger, so d\u00fcrfen diese nur f\u00fcr private Zwecke verwendet werden. Ohne schriftliche Genehmigung der Hundeschule \u201eTeamGeschick\u201c d\u00fcrfen diese nicht\u00a0 (auch nicht teilweise) ver\u00f6ffentlicht werden.<\/li>\n\n\n\n<li>Die gesamten Texte und Bilder dieser Website (www.TeamGeschick.de) unterliegen dem Copyright. Das Kopieren, Speichern, Verwenden von Texten und Bildern (auch mit Ab\u00e4nderungen) ist untersagt.<\/li>\n<\/ol>\n\n\n\n<p><strong>\u00a7 11 Verj\u00e4hrung von Anspr\u00fcchen<\/strong><\/p>\n\n\n\n<p>Anspr\u00fcche verj\u00e4hren nach den gesetzlichen Bestimmungen (\u00a7\u00a7195 ff. BGB)<\/p>\n\n\n\n<p><strong>\u00a7 12 Unwirksamkeit<\/strong><\/p>\n\n\n\n<p>Die Unwirksamkeit einzelner Bestimmungen dieser Vertragsbedingungen hat nicht die Unwirksamkeit des &nbsp;gesamten Vertrages zur Folge.<\/p>\n\n\n\n<p><strong>\u00a7 13 Vorbehalt von Berichtigungen<\/strong><\/p>\n\n\n\n<p>Die Berichtigung von Irrt\u00fcmern sowie Druck- und Rechenfehlern bleibt vorbehalten.<\/p>\n\n\n\n<p><strong>\u00a7 14 Datenschutz<\/strong><\/p>\n\n\n\n<p>Die Hundeschule \u201eTeamGeschick\u201c ist berechtigt, pers\u00f6nliche Daten elektronisch zu speichern. Die Hundeschule \u201eTeamGeschick\u201c nutzt die Daten ausschlie\u00dflich zur Organisation der vertraglichen Leistungen.<\/p>\n\n\n\n<p><strong>\u00a7 15 Gerichtsstand<\/strong><\/p>\n\n\n\n<p>Es gilt als Gerichtsstand f\u00fcr das Mahnverfahren, f\u00fcr alle Streitigkeiten aus einem Vertrag oder damit im Zusammenhang stehender Punkte Detmold als vereinbart.<\/p>\n\n\n\n<p><em>Stand: 14.09.2017<\/em><\/p>\n","protected":false},"excerpt":{"rendered":"<p>Vertragsbedingungen \u00a7 1 Grundlage \/ Geltung der Bedingungen &nbsp; Die folgenden Vertragsbedingungen sind Grundlage f\u00fcr jede Gesch\u00e4ftsbeziehung mit der mobilen [&hellip;]<\/p>\n","protected":false},"author":1,"featured_media":0,"parent":0,"menu_order":0,"comment_status":"closed","ping_status":"closed","template":"","meta":{"site-sidebar-layout":"default","site-content-layout":"","ast-site-content-layout":"default","site-content-style":"default","site-sidebar-style":"default","ast-global-header-display":"","ast-banner-title-visibility":"","ast-main-header-display":"","ast-hfb-above-header-display":"","ast-hfb-below-header-display":"","ast-hfb-mobile-header-display":"","site-post-title":"","ast-breadcrumbs-content":"","ast-featured-img":"","footer-sml-layout":"","ast-disable-related-posts":"","theme-transparent-header-meta":"","adv-header-id-meta":"","stick-header-meta":"","header-above-stick-meta":"","header-main-stick-meta":"","header-below-stick-meta":"","astra-migrate-meta-layouts":"default","ast-page-background-enabled":"default","ast-page-background-meta":{"desktop":{"background-color":"var(--ast-global-color-4)","background-image":"","background-repeat":"repeat","background-position":"center center","background-size":"auto","background-attachment":"scroll","background-type":"","background-media":"","overlay-type":"","overlay-color":"","overlay-opacity":"","overlay-gradient":""},"tablet":{"background-color":"","background-image":"","background-repeat":"repeat","background-position":"center center","background-size":"auto","background-attachment":"scroll","background-type":"","background-media":"","overlay-type":"","overlay-color":"","overlay-opacity":"","overlay-gradient":""},"mobile":{"background-color":"","background-image":"","background-repeat":"repeat","background-position":"center center","background-size":"auto","background-attachment":"scroll","background-type":"","background-media":"","overlay-type":"","overlay-color":"","overlay-opacity":"","overlay-gradient":""}},"ast-content-background-meta":{"desktop":{"background-color":"var(--ast-global-color-5)","background-image":"","background-repeat":"repeat","background-position":"center center","background-size":"auto","background-attachment":"scroll","background-type":"","background-media":"","overlay-type":"","overlay-color":"","overlay-opacity":"","overlay-gradient":""},"tablet":{"background-color":"var(--ast-global-color-5)","background-image":"","background-repeat":"repeat","background-position":"center center","background-size":"auto","background-attachment":"scroll","background-type":"","background-media":"","overlay-type":"","overlay-color":"","overlay-opacity":"","overlay-gradient":""},"mobile":{"background-color":"var(--ast-global-color-5)","background-image":"","background-repeat":"repeat","background-position":"center center","background-size":"auto","background-attachment":"scroll","background-type":"","background-media":"","overlay-type":"","overlay-color":"","overlay-opacity":"","overlay-gradient":""}},"footnotes":""},"class_list":["post-109","page","type-page","status-publish","hentry"],"_links":{"self":[{"href":"https:\/\/www.teamgeschick.de\/index.php?rest_route=\/wp\/v2\/pages\/109","targetHints":{"allow":["GET"]}}],"collection":[{"href":"https:\/\/www.teamgeschick.de\/index.php?rest_route=\/wp\/v2\/pages"}],"about":[{"href":"https:\/\/www.teamgeschick.de\/index.php?rest_route=\/wp\/v2\/types\/page"}],"author":[{"embeddable":true,"href":"https:\/\/www.teamgeschick.de\/index.php?rest_route=\/wp\/v2\/users\/1"}],"replies":[{"embeddable":true,"href":"https:\/\/www.teamgeschick.de\/index.php?rest_route=%2Fwp%2Fv2%2Fcomments&post=109"}],"version-history":[{"count":1,"href":"https:\/\/www.teamgeschick.de\/index.php?rest_route=\/wp\/v2\/pages\/109\/revisions"}],"predecessor-version":[{"id":110,"href":"https:\/\/www.teamgeschick.de\/index.php?rest_route=\/wp\/v2\/pages\/109\/revisions\/110"}],"wp:attachment":[{"href":"https:\/\/www.teamgeschick.de\/index.php?rest_route=%2Fwp%2Fv2%2Fmedia&parent=109"}],"curies":[{"name":"wp","href":"https:\/\/api.w.org\/{rel}","templated":true}]}}